{"id":808,"date":"2018-08-30T12:25:51","date_gmt":"2018-08-30T15:25:51","guid":{"rendered":"https:\/\/ensleones-cba.infd.edu.ar\/sitio\/docentes\/"},"modified":"2019-12-10T18:34:22","modified_gmt":"2019-12-10T21:34:22","slug":"docentes","status":"publish","type":"page","link":"https:\/\/ensleones-cba.infd.edu.ar\/sitio\/docentes\/","title":{"rendered":"Docentes Nivel Superior"},"content":{"rendered":"<p style=\"text-align: left;\"><span style=\"font-family: 'andale mono', times; font-size: 12pt;\"><span style=\"font-size: 18pt; background-color: #ccffff;\">N\u00f3mina de Profesores del Nivel Superior\u00a0<\/span><\/span><\/p>\n<table width=\"570\">\n<tbody>\n<tr>\n<td width=\"285\">ALBRI, V\u00edctor Marcelo<\/td>\n<td width=\"285\">HENZE, Carina<\/td>\n<\/tr>\n<tr>\n<td>ALUSTIZA, Fabrisio<\/td>\n<td>ILARI, Silvia R<\/td>\n<\/tr>\n<tr>\n<td>ALVAREZ AYUSO, Mar\u00eda In\u00e9s<\/td>\n<td>KAISER, Silvana<\/td>\n<\/tr>\n<tr>\n<td>ANDRARA, Jos\u00e9 Omar<\/td>\n<td>LAVALL\u00c9N, Natalia<\/td>\n<\/tr>\n<tr>\n<td>BAD\u00cdN, Evangelina<\/td>\n<td>LUQUE, Mar\u00eda Luciana<\/td>\n<\/tr>\n<tr>\n<td>BEDETTI, Marina<\/td>\n<td>MARGHERIT, Mar\u00eda Alfonsina<\/td>\n<\/tr>\n<tr>\n<td>BESSONE, Fernando<\/td>\n<td>MEICHTRI, Corina<\/td>\n<\/tr>\n<tr>\n<td>BOSIO, Claudia Rosana<\/td>\n<td>MILESY, Eugenia<\/td>\n<\/tr>\n<tr>\n<td>BRUSA, Marco<\/td>\n<td>MIRET, Mariana<\/td>\n<\/tr>\n<tr>\n<td>BRUSA, M\u00f3nica<\/td>\n<td>MORENO, Natalia<\/td>\n<\/tr>\n<tr>\n<td>CAPPELLI, Gilda\u00a0\u00a0\u00a0\u00a0\u00a0\u00a0\u00a0\u00a0\u00a0\u00a0\u00a0\u00a0\u00a0\u00a0\u00a0\u00a0\u00a0\u00a0\u00a0\u00a0\u00a0\u00a0\u00a0\u00a0\u00a0\u00a0\u00a0\u00a0\u00a0\u00a0\u00a0\u00a0\u00a0\u00a0\u00a0 .<\/td>\n<td>ONGINI, Marcela<\/td>\n<\/tr>\n<tr>\n<td>CAVALLERO, Mar\u00eda de los \u00c1ngeles<\/td>\n<td>PANERO, Julieta<\/td>\n<\/tr>\n<tr>\n<td>CHIURA, Elizabeth\u00a0\u00a0\u00a0\u00a0\u00a0\u00a0\u00a0\u00a0\u00a0\u00a0\u00a0\u00a0\u00a0\u00a0\u00a0\u00a0\u00a0\u00a0\u00a0\u00a0\u00a0\u00a0\u00a0\u00a0\u00a0\u00a0\u00a0\u00a0\u00a0 .<\/td>\n<td>PELIZARI, Flavia<\/td>\n<\/tr>\n<tr>\n<td>COMINO, Nadia<\/td>\n<td>PELIZZARI, Diego<\/td>\n<\/tr>\n<tr>\n<td>COSCHIZA, Mar\u00eda Jos\u00e9<\/td>\n<td>PENNA, Patricia<\/td>\n<\/tr>\n<tr>\n<td>CRIST\u00d3FOLI, Evelina<\/td>\n<td>RACCONE, Valeria<\/td>\n<\/tr>\n<tr>\n<td>DUR\u00c9, Carina<\/td>\n<td>RAVASI, Ana L\u00eda<\/td>\n<\/tr>\n<tr>\n<td>DUTTO, Claudia<\/td>\n<td>ROMAGNOLI, Mar\u00eda Laura<\/td>\n<\/tr>\n<tr>\n<td>ENRIQUEZ, Mar\u00eda Fernanda<\/td>\n<td>ROMERO, Betiana<\/td>\n<\/tr>\n<tr>\n<td>FABBRI, Lorena<\/td>\n<td>SARMIENTO, Franco<\/td>\n<\/tr>\n<tr>\n<td>FASANI, Ricardo<\/td>\n<td>SCR\u00d3FONO, Carla<\/td>\n<\/tr>\n<tr>\n<td>FORNERO, Mar\u00eda Eugenia<\/td>\n<td>SIEWERT, Eugenio<\/td>\n<\/tr>\n<tr>\n<td>FUNES, Claudio<\/td>\n<td>SOSA ORTIZ, Andr\u00e9s<\/td>\n<\/tr>\n<tr>\n<td>GARBARINO, Dora<\/td>\n<td>SU\u00c1REZ, Marina<\/td>\n<\/tr>\n<tr>\n<td>GIRARDI, Diana<\/td>\n<td>TOBALDI, Norma<\/td>\n<\/tr>\n<tr>\n<td>GONZ\u00c1LEZ, Mar\u00eda Soledad<\/td>\n<td>TORREGIANI, Ver\u00f3nica<\/td>\n<\/tr>\n<tr>\n<td>GRASSO, Alfonsina<\/td>\n<td>VACA, Lorena<\/td>\n<\/tr>\n<tr>\n<td>GROSSO, Paula<\/td>\n<td>V\u00c1ZQUEZ, Gabriela<\/td>\n<\/tr>\n<\/tbody>\n<\/table>\n","protected":false},"excerpt":{"rendered":"<p>N\u00f3mina de Profesores del Nivel Superior\u00a0 ALBRI, V\u00edctor Marcelo HENZE, Carina ALUSTIZA, Fabrisio ILARI, Silvia R ALVAREZ AYUSO, Mar\u00eda In\u00e9s KAISER, Silvana ANDRARA, Jos\u00e9 Omar LAVALL\u00c9N, Natalia BAD\u00cdN, Evangelina LUQUE, Mar\u00eda Luciana BEDETTI, Marina MARGHERIT, Mar\u00eda Alfonsina BESSONE, Fernando MEICHTRI, Corina BOSIO, Claudia Rosana MILESY, Eugenia BRUSA, Marco MIRET, Mariana BRUSA, M\u00f3nica MORENO, Natalia CAPPELLI, &#8230; <a title=\"Docentes Nivel Superior\" class=\"read-more\" href=\"https:\/\/ensleones-cba.infd.edu.ar\/sitio\/docentes\/\" aria-label=\"More on Docentes Nivel Superior\">[+]<\/a><\/p>\n","protected":false},"author":4031,"featured_media":0,"parent":0,"menu_order":0,"comment_status":"closed","ping_status":"closed","template":"","meta":[],"acf":[],"_links":{"self":[{"href":"https:\/\/ensleones-cba.infd.edu.ar\/sitio\/wp-json\/wp\/v2\/pages\/808"}],"collection":[{"href":"https:\/\/ensleones-cba.infd.edu.ar\/sitio\/wp-json\/wp\/v2\/pages"}],"about":[{"href":"https:\/\/ensleones-cba.infd.edu.ar\/sitio\/wp-json\/wp\/v2\/types\/page"}],"author":[{"embeddable":true,"href":"https:\/\/ensleones-cba.infd.edu.ar\/sitio\/wp-json\/wp\/v2\/users\/4031"}],"replies":[{"embeddable":true,"href":"https:\/\/ensleones-cba.infd.edu.ar\/sitio\/wp-json\/wp\/v2\/comments?post=808"}],"version-history":[{"count":4,"href":"https:\/\/ensleones-cba.infd.edu.ar\/sitio\/wp-json\/wp\/v2\/pages\/808\/revisions"}],"predecessor-version":[{"id":1208,"href":"https:\/\/ensleones-cba.infd.edu.ar\/sitio\/wp-json\/wp\/v2\/pages\/808\/revisions\/1208"}],"wp:attachment":[{"href":"https:\/\/ensleones-cba.infd.edu.ar\/sitio\/wp-json\/wp\/v2\/media?parent=808"}],"curies":[{"name":"wp","href":"https:\/\/api.w.org\/{rel}","templated":true}]}}