{"id":1205,"date":"2019-12-10T18:33:23","date_gmt":"2019-12-10T21:33:23","guid":{"rendered":"https:\/\/ensleones-cba.infd.edu.ar\/sitio\/?page_id=1205"},"modified":"2019-12-10T18:37:45","modified_gmt":"2019-12-10T21:37:45","slug":"docentes-del-nivel-secundario","status":"publish","type":"page","link":"https:\/\/ensleones-cba.infd.edu.ar\/sitio\/docentes-del-nivel-secundario\/","title":{"rendered":"Docentes Nivel Secundario"},"content":{"rendered":"<p><span style=\"font-family: 'andale mono', times; font-size: 12pt;\"><span style=\"font-size: 18pt; background-color: #ccffff;\">N\u00f3mina de Profesores del Nivel Secundario\u00a0<\/span><\/span><\/p>\n<table width=\"570\">\n<tbody>\n<tr>\n<td width=\"285\">ALBRI, Lorena<\/td>\n<td width=\"285\">LAINATI, Mariano<\/td>\n<\/tr>\n<tr>\n<td>BEDETTI, Marina<\/td>\n<td>LATAR, Alejandra<\/td>\n<\/tr>\n<tr>\n<td>BEGIL, Liliana<\/td>\n<td>LERDA, Mar\u00eda Laura<\/td>\n<\/tr>\n<tr>\n<td>BERGERO, Silvia<\/td>\n<td>LLABR\u00c9S, Julio Ernesto<\/td>\n<\/tr>\n<tr>\n<td>BERRA, Valeria<\/td>\n<td>LOPEZ, Melina<\/td>\n<\/tr>\n<tr>\n<td>BOCCARDI, In\u00e9s<\/td>\n<td>LOYOLA, Jos\u00e9 Mar\u00eda<\/td>\n<\/tr>\n<tr>\n<td>BOGLIONE, Gregorio<\/td>\n<td>MAGNINO, J\u00e9sica<\/td>\n<\/tr>\n<tr>\n<td>BUSTO, Marco<\/td>\n<td>MARASCHIN, Marina<\/td>\n<\/tr>\n<tr>\n<td>CALVA, Carlos<\/td>\n<td>MELONI, N\u00e9stor Fabi\u00e1n<\/td>\n<\/tr>\n<tr>\n<td>CALVO, Natalia<\/td>\n<td>MERLOS, Mario<\/td>\n<\/tr>\n<tr>\n<td>CANDRA, Diego<\/td>\n<td>MOCCICAFREDDO, Natalia<\/td>\n<\/tr>\n<tr>\n<td>CAPPELLI, Gilda<\/td>\n<td>MORANO, Mariano<\/td>\n<\/tr>\n<tr>\n<td>CARASSO, Maricel<\/td>\n<td>NEGRONI, Luciana<\/td>\n<\/tr>\n<tr>\n<td>CASTRILLO, Gisela<\/td>\n<td>NUCCETELLI, Viviana<\/td>\n<\/tr>\n<tr>\n<td>CIAMBERLINI, Fernanda<\/td>\n<td>P\u00c9CORA, Gretel Mar\u00eda<\/td>\n<\/tr>\n<tr>\n<td>COMINO, Nadia<\/td>\n<td>P\u00c9CORA, Sandra V.<\/td>\n<\/tr>\n<tr>\n<td>CONTI, ANA L\u00cdA<\/td>\n<td>PELIZZARI, Romina<\/td>\n<\/tr>\n<tr>\n<td>DE PA\u00daL, J\u00e9sica<\/td>\n<td>PENNA, Patricia<\/td>\n<\/tr>\n<tr>\n<td>DE SIMONE, Marina<\/td>\n<td>RACCA, Bibiana<\/td>\n<\/tr>\n<tr>\n<td>FABBRI, Lorena<\/td>\n<td>RANIERI, Mar\u00eda Alejandra<\/td>\n<\/tr>\n<tr>\n<td>FASANI, Ricardo<\/td>\n<td>RAVASI, Luciana<\/td>\n<\/tr>\n<tr>\n<td>FERRERO, Mariela<\/td>\n<td>REINAUDI, Natalia<\/td>\n<\/tr>\n<tr>\n<td>FERREYRA, Stella<\/td>\n<td>ROMAGNOLI, Antonella<\/td>\n<\/tr>\n<tr>\n<td>FOBBIO, Marcela<\/td>\n<td>ROMAGNOLI, Mar\u00eda Bel\u00e9n<\/td>\n<\/tr>\n<tr>\n<td>FONTANA, Natal\u00ed<\/td>\n<td>SAVORETTI, Mar\u00eda Elena<\/td>\n<\/tr>\n<tr>\n<td>FORNERO, Mar\u00eda Eugenia<\/td>\n<td>SILVA, Jorge<\/td>\n<\/tr>\n<tr>\n<td>FRATICELLI, Julieta<\/td>\n<td>STRINGHETTI, Rosal\u00eda<\/td>\n<\/tr>\n<tr>\n<td>FUNES, Claudio<\/td>\n<td>TIS\u00c9, Mar\u00eda del Carmen<\/td>\n<\/tr>\n<tr>\n<td>GAGLIESI, Susana<\/td>\n<td>TISERA, Silvia<\/td>\n<\/tr>\n<tr>\n<td>GALLO, Andr\u00e9s<\/td>\n<td>TOBALDI, Norma<\/td>\n<\/tr>\n<tr>\n<td>GALLO, Mar\u00eda Alejandra<\/td>\n<td>TORREGIANI, Ver\u00f3nica<\/td>\n<\/tr>\n<tr>\n<td>GODINO, Patricio<\/td>\n<td>URETA, Laura<\/td>\n<\/tr>\n<tr>\n<td>ILARI, Silvia<\/td>\n<td>VACA, Lorena<\/td>\n<\/tr>\n<tr>\n<td>JU\u00c1REZ, Jimena<\/td>\n<td>VAZQUEZ, Gabriela<\/td>\n<\/tr>\n<tr>\n<td>LABAY, Isabel Rosana<\/td>\n<td>VIALE, Fernando<\/td>\n<\/tr>\n<\/tbody>\n<\/table>\n","protected":false},"excerpt":{"rendered":"<p>N\u00f3mina de Profesores del Nivel Secundario\u00a0 ALBRI, Lorena LAINATI, Mariano BEDETTI, Marina LATAR, Alejandra BEGIL, Liliana LERDA, Mar\u00eda Laura BERGERO, Silvia LLABR\u00c9S, Julio Ernesto BERRA, Valeria LOPEZ, Melina BOCCARDI, In\u00e9s LOYOLA, Jos\u00e9 Mar\u00eda BOGLIONE, Gregorio MAGNINO, J\u00e9sica BUSTO, Marco MARASCHIN, Marina CALVA, Carlos MELONI, N\u00e9stor Fabi\u00e1n CALVO, Natalia MERLOS, Mario CANDRA, Diego MOCCICAFREDDO, Natalia CAPPELLI, &#8230; <a title=\"Docentes Nivel Secundario\" class=\"read-more\" href=\"https:\/\/ensleones-cba.infd.edu.ar\/sitio\/docentes-del-nivel-secundario\/\" aria-label=\"More on Docentes Nivel Secundario\">[+]<\/a><\/p>\n","protected":false},"author":5431,"featured_media":0,"parent":0,"menu_order":0,"comment_status":"closed","ping_status":"closed","template":"","meta":[],"acf":[],"_links":{"self":[{"href":"https:\/\/ensleones-cba.infd.edu.ar\/sitio\/wp-json\/wp\/v2\/pages\/1205"}],"collection":[{"href":"https:\/\/ensleones-cba.infd.edu.ar\/sitio\/wp-json\/wp\/v2\/pages"}],"about":[{"href":"https:\/\/ensleones-cba.infd.edu.ar\/sitio\/wp-json\/wp\/v2\/types\/page"}],"author":[{"embeddable":true,"href":"https:\/\/ensleones-cba.infd.edu.ar\/sitio\/wp-json\/wp\/v2\/users\/5431"}],"replies":[{"embeddable":true,"href":"https:\/\/ensleones-cba.infd.edu.ar\/sitio\/wp-json\/wp\/v2\/comments?post=1205"}],"version-history":[{"count":3,"href":"https:\/\/ensleones-cba.infd.edu.ar\/sitio\/wp-json\/wp\/v2\/pages\/1205\/revisions"}],"predecessor-version":[{"id":1210,"href":"https:\/\/ensleones-cba.infd.edu.ar\/sitio\/wp-json\/wp\/v2\/pages\/1205\/revisions\/1210"}],"wp:attachment":[{"href":"https:\/\/ensleones-cba.infd.edu.ar\/sitio\/wp-json\/wp\/v2\/media?parent=1205"}],"curies":[{"name":"wp","href":"https:\/\/api.w.org\/{rel}","templated":true}]}}